{"id":411,"date":"2026-01-11T09:58:44","date_gmt":"2026-01-11T09:58:44","guid":{"rendered":"https:\/\/libfac.univ-batna.dz\/libiaub\/?page_id=411"},"modified":"2026-02-02T09:37:44","modified_gmt":"2026-02-02T09:37:44","slug":"livres-%d8%a7%d9%84%d9%83%d8%aa%d8%a8","status":"publish","type":"page","link":"https:\/\/libfac.univ-batna.dz\/libiaub\/?page_id=411","title":{"rendered":"Livres\u00a0\ud83d\udcd6"},"content":{"rendered":"\n<h2 class=\"wp-block-heading has-text-align-center\"><mark style=\"background-color:rgba(0, 0, 0, 0)\" class=\"has-inline-color has-ast-global-color-1-color\"><strong>les livres<\/strong><\/mark><\/h2>\n\n\n\n<div class=\"wp-block-group is-layout-constrained wp-block-group-is-layout-constrained\">\n<div class=\"wp-block-media-text is-stacked-on-mobile\" style=\"grid-template-columns:15% auto\"><figure class=\"wp-block-media-text__media\"><a href=\"https:\/\/pmb.univ-batna.dz\/opac_iaub\/index.php\" target=\"_blank\" rel=\" noreferrer noopener\"><img loading=\"lazy\" decoding=\"async\" width=\"800\" height=\"600\" src=\"http:\/\/libfac.univ-batna.dz\/libiaub\/wp-content\/uploads\/2026\/01\/e086f22aada7ef06aec7cc437a9fa936.gif\" alt=\"\" class=\"wp-image-980 size-full\"\/><\/a><\/figure><div class=\"wp-block-media-text__content\">\n<h3 class=\"wp-block-heading has-text-align-center\"><strong><a href=\"https:\/\/pmb.univ-batna.dz\/opac_iaub\/index.php\" data-type=\"link\" data-id=\"https:\/\/pmb.univ-batna.dz\/opac_iaub\/index.php\" target=\"_blank\" rel=\"noreferrer noopener\">\u0627\u0644\u0643\u062a\u0628 \u0648\u062a\u0635\u0646\u064a\u0641\u0627\u062a\u0647\u0627 \/  Les livres et  classifications<\/a><\/strong> \u2b05\ufe0f<\/h3>\n<\/div><\/div>\n<\/div>\n\n\n\n<div class=\"wp-block-columns alignwide is-layout-flex wp-container-core-columns-is-layout-d2da2050 wp-block-columns-is-layout-flex\" style=\"margin-bottom:0\">\n<div class=\"wp-block-column has-text-color has-background has-link-color wp-elements-911ba8450bf360b133603a6b53d5fca8 is-layout-flow wp-block-column-is-layout-flow\" style=\"color:#000000;background-color:#ffe97d;padding-top:2em;padding-right:2em;padding-bottom:2em;padding-left:2em\">\n<h6 class=\"wp-block-heading has-text-align-center\" id=\"single\" style=\"font-size:40px\"><strong><a href=\"https:\/\/pmb.univ-batna.dz\/opac_iaub\/index.php?lvl=categ_see&amp;id=7134&amp;main=1\" data-type=\"link\" data-id=\"https:\/\/pmb.univ-batna.dz\/opac_iaub\/index.php?lvl=categ_see&amp;id=7134&amp;main=1\" target=\"_blank\" rel=\"noreferrer noopener\">Construction et B\u00e2timent<\/a><\/strong><\/h6>\n\n\n\n<p class=\"has-normal-font-size\" style=\"line-height:1.5\"><strong>\u0627\u0644\u0628\u0646\u0627\u0621 \u0648\u0627\u0644\u0645\u0628\u0627\u0646\u064a<\/strong><\/p>\n\n\n\n<hr class=\"wp-block-separator has-text-color has-css-opacity has-background is-style-wide\" style=\"background-color:#000000;color:#000000\"\/>\n\n\n\n<ul class=\"wp-block-list has-normal-font-size\">\n<li><a href=\"https:\/\/pmb.univ-batna.dz\/opac_iaub\/index.php?lvl=categ_see&amp;id=7136&amp;main=1\" target=\"_blank\" rel=\"noreferrer noopener\"><strong>Techniques Annexes<\/strong><\/a><\/li>\n\n\n\n<li><a href=\"https:\/\/pmb.univ-batna.dz\/opac_iaub\/index.php?lvl=categ_see&amp;id=7137&amp;main=1\" target=\"_blank\" rel=\"noreferrer noopener\"><strong>Construction de B\u00e2timent de Mat\u00e9riaux D\u00e9termin\u00e9s<\/strong><\/a><\/li>\n\n\n\n<li><a href=\"https:\/\/pmb.univ-batna.dz\/opac_iaub\/index.php?lvl=categ_see&amp;id=7135&amp;main=1\" target=\"_blank\" rel=\"noreferrer noopener\"><strong>Les Divers El\u00e9ments: Murs, Toits<\/strong><\/a><\/li>\n<\/ul>\n\n\n\n<div class=\"wp-block-buttons alignfull is-horizontal is-content-justification-center is-layout-flex wp-container-core-buttons-is-layout-03627597 wp-block-buttons-is-layout-flex\">\n<div class=\"wp-block-button has-custom-width wp-block-button__width-100\"><a class=\"wp-block-button__link has-white-color has-text-color has-background no-border-radius wp-element-button\" href=\"https:\/\/pmb.univ-batna.dz\/opac_iaub\/index.php?lvl=categ_see&amp;id=7134&amp;main=1\" style=\"background-color:#000000\" target=\"_blank\" rel=\"noreferrer noopener\">690<\/a><\/div>\n<\/div>\n<\/div>\n\n\n\n<div class=\"wp-block-column has-text-color has-background has-link-color wp-elements-4cc84d61ee5ed7cc759199a3acecf83b is-layout-flow wp-block-column-is-layout-flow\" style=\"color:#000000;background-color:#c0ebf1;padding-top:2em;padding-right:2em;padding-bottom:2em;padding-left:2em\">\n<h1 class=\"wp-block-heading has-text-align-center\" id=\"patron\" style=\"font-size:40px\"><strong><a href=\"https:\/\/pmb.univ-batna.dz\/opac_iaub\/index.php?lvl=categ_see&amp;id=7133&amp;main=1\" target=\"_blank\" rel=\"noreferrer noopener\"><a href=\"https:\/\/pmb.univ-batna.dz\/opac_iaub\/index.php?lvl=categ_see&amp;id=7140&amp;main=1\">Philosophie et Th\u00e9orie de l&#8217;Architecture<\/a><\/a><\/strong><\/h1>\n\n\n\n<p class=\"has-normal-font-size\"><strong>\u0641\u0644\u0633\u0641\u0629 \u0648\u0646\u0638\u0631\u064a\u0629 \u0627\u0644\u0639\u0645\u0627\u0631\u0629<\/strong><\/p>\n\n\n\n<hr class=\"wp-block-separator has-css-opacity is-style-wide\"\/>\n\n\n\n<ul class=\"wp-block-list has-normal-font-size\">\n<li><a href=\"https:\/\/pmb.univ-batna.dz\/opac_iaub\/index.php?lvl=categ_see&amp;id=7139&amp;main=1\" target=\"_blank\" rel=\"noreferrer noopener\"><strong><a href=\"https:\/\/pmb.univ-batna.dz\/opac_iaub\/index.php?lvl=categ_see&amp;id=7141&amp;main=1\">Philosophie et Th\u00e9ories<\/a><\/strong><\/a><\/li>\n\n\n\n<li><strong><a href=\"https:\/\/pmb.univ-batna.dz\/opac_iaub\/index.php?lvl=categ_see&amp;id=7138&amp;main=1\" target=\"_blank\" rel=\"noreferrer noopener\"><\/a><a href=\"https:\/\/pmb.univ-batna.dz\/opac_iaub\/index.php?lvl=categ_see&amp;id=7143&amp;main=1\">Histoire et G\u00e9ographie<\/a><\/strong><\/li>\n\n\n\n<li><strong><a href=\"https:\/\/pmb.univ-batna.dz\/opac_iaub\/index.php?lvl=categ_see&amp;id=7149&amp;main=1\" target=\"_blank\" rel=\"noreferrer noopener\">Edifices Publics<\/a><\/strong><\/li>\n\n\n\n<li><a href=\"https:\/\/pmb.univ-batna.dz\/opac_iaub\/index.php?lvl=categ_see&amp;id=7150&amp;main=1\" target=\"_blank\" rel=\"noreferrer noopener\"><strong>Edifices Religieux<\/strong><\/a><\/li>\n\n\n\n<li><strong><a href=\"https:\/\/pmb.univ-batna.dz\/opac_iaub\/index.php?lvl=categ_see&amp;id=7144&amp;main=1\" target=\"_blank\" rel=\"noreferrer noopener\">Construction Architecturale Aspects Architecture<\/a><\/strong><\/li>\n\n\n\n<li><strong><a href=\"https:\/\/pmb.univ-batna.dz\/opac_iaub\/index.php?lvl=categ_see&amp;id=7152&amp;main=1\" target=\"_blank\" rel=\"noreferrer noopener\">B\u00e2timents d&#8217;Habitation<\/a><\/strong><\/li>\n<\/ul>\n\n\n\n<div class=\"wp-block-buttons alignfull is-horizontal is-content-justification-center is-layout-flex wp-container-core-buttons-is-layout-03627597 wp-block-buttons-is-layout-flex\">\n<div class=\"wp-block-button has-custom-width wp-block-button__width-100\"><a class=\"wp-block-button__link has-white-color has-text-color has-background no-border-radius wp-element-button\" style=\"background-color:#000000\">720<\/a><\/div>\n<\/div>\n<\/div>\n<\/div>\n\n\n\n<div class=\"wp-block-columns alignwide is-layout-flex wp-container-core-columns-is-layout-d2da2050 wp-block-columns-is-layout-flex\" style=\"margin-bottom:0\">\n<div class=\"wp-block-column has-text-color has-background has-link-color wp-elements-86c72ae0c19cee08077b04f6edc54fef is-layout-flow wp-block-column-is-layout-flow\" style=\"color:#000000;background-color:#ffe97d;padding-top:2em;padding-right:2em;padding-bottom:2em;padding-left:2em\">\n<h2 class=\"wp-block-heading has-text-align-center\" id=\"single\" style=\"font-size:40px\"><strong><a href=\"https:\/\/pmb.univ-batna.dz\/opac_iaub\/index.php?lvl=categ_see&amp;id=7133&amp;main=1\" target=\"_blank\" rel=\"noreferrer noopener\">Urbanisme<\/a><\/strong><\/h2>\n\n\n\n<p class=\"has-normal-font-size\" style=\"line-height:1.5\"><strong>\u0627\u0644\u062a\u062e\u0637\u064a\u0637 \u0627\u0644\u062d\u0636\u0631\u064a<\/strong><\/p>\n\n\n\n<hr class=\"wp-block-separator has-text-color has-css-opacity has-background is-style-wide\" style=\"background-color:#000000;color:#000000\"\/>\n\n\n\n<ul class=\"wp-block-list has-normal-font-size\">\n<li><strong><a href=\"https:\/\/pmb.univ-batna.dz\/opac_iaub\/index.php?lvl=categ_see&amp;id=7139&amp;main=1\" target=\"_blank\" rel=\"noreferrer noopener\">Art du Paysage<\/a><\/strong><\/li>\n\n\n\n<li><a href=\"https:\/\/pmb.univ-batna.dz\/opac_iaub\/index.php?lvl=categ_see&amp;id=7138&amp;main=1\"><strong>Urbanisme, Am\u00e9nagement du Territoire<\/strong><\/a><\/li>\n<\/ul>\n\n\n\n<div class=\"wp-block-buttons alignfull is-horizontal is-content-justification-center is-layout-flex wp-container-core-buttons-is-layout-03627597 wp-block-buttons-is-layout-flex\">\n<div class=\"wp-block-button has-custom-width wp-block-button__width-100\"><a class=\"wp-block-button__link has-white-color has-text-color has-background no-border-radius wp-element-button\" style=\"background-color:#000000\">710<\/a><\/div>\n<\/div>\n<\/div>\n\n\n\n<div class=\"wp-block-column has-text-color has-background has-link-color wp-elements-acd536258b72225d1a55a6e462c72792 is-layout-flow wp-block-column-is-layout-flow\" style=\"color:#000000;background-color:#d1d1e1;padding-top:2em;padding-right:2em;padding-bottom:2em;padding-left:2em\">\n<h6 class=\"wp-block-heading alignwide has-text-align-center\" id=\"family\" style=\"font-size:40px\">ARchitecture Moderne et Contemporaine<\/h6>\n\n\n\n<p class=\"has-normal-font-size\" style=\"line-height:1.5\"><strong>\u0627\u0644\u0639\u0645\u0627\u0631\u0629 \u0627\u0644\u062d\u062f\u064a\u062b\u0629 \u0648\u0627\u0644\u0645\u0639\u0627\u0635\u0631\u0629<\/strong><\/p>\n\n\n\n<hr class=\"wp-block-separator has-css-opacity is-style-wide\"\/>\n\n\n\n<ul class=\"wp-block-list has-normal-font-size\">\n<li><a href=\"https:\/\/pmb.univ-batna.dz\/opac_iaub\/index.php?lvl=categ_see&amp;id=7147&amp;main=1\" target=\"_blank\" rel=\"noreferrer noopener\"><strong>Architecture 1900-1999<\/strong><\/a><\/li>\n\n\n\n<li><a href=\"https:\/\/pmb.univ-batna.dz\/opac_iaub\/index.php?lvl=categ_see&amp;id=7148&amp;main=1\" target=\"_blank\" rel=\"noreferrer noopener\"><strong>Architecture 2000- &#8230;<\/strong><\/a><\/li>\n<\/ul>\n\n\n\n<div class=\"wp-block-buttons alignfull is-horizontal is-content-justification-center is-layout-flex wp-container-core-buttons-is-layout-03627597 wp-block-buttons-is-layout-flex\">\n<div class=\"wp-block-button has-custom-width wp-block-button__width-100 is-style-fill\"><a class=\"wp-block-button__link has-white-color has-text-color has-background no-border-radius wp-element-button\" style=\"background-color:#000000\">724<\/a><\/div>\n<\/div>\n<\/div>\n\n\n\n<div class=\"wp-block-column has-text-color has-background has-link-color wp-elements-c9d35c48b52372d78828b2ee9773e8b5 is-layout-flow wp-block-column-is-layout-flow\" style=\"color:#000000;background-color:#c0ebf1;padding-top:2em;padding-right:2em;padding-bottom:2em;padding-left:2em\">\n<h2 class=\"wp-block-heading has-text-align-center\" id=\"patron\" style=\"font-size:40px\"><strong><a href=\"https:\/\/pmb.univ-batna.dz\/opac_iaub\/index.php?lvl=categ_see&amp;id=7153&amp;main=1\">Arts<\/a><\/strong><\/h2>\n\n\n\n<p class=\"has-normal-font-size\"><strong>\u0641\u0646<\/strong><\/p>\n\n\n\n<hr class=\"wp-block-separator has-css-opacity is-style-wide\"\/>\n\n\n\n<ul class=\"wp-block-list has-normal-font-size\">\n<li><strong><a href=\"https:\/\/pmb.univ-batna.dz\/opac_iaub\/index.php?lvl=categ_see&amp;id=7153&amp;main=1\" target=\"_blank\" rel=\"noreferrer noopener\">Arts Mineurs<\/a><\/strong><\/li>\n\n\n\n<li><strong><a href=\"https:\/\/pmb.univ-batna.dz\/opac_iaub\/index.php?lvl=categ_see&amp;id=7153&amp;main=1\" target=\"_blank\" rel=\"noreferrer noopener\">Arts D\u00e9coratifs<\/a><\/strong><\/li>\n<\/ul>\n\n\n\n<div class=\"wp-block-buttons alignfull is-horizontal is-content-justification-center is-layout-flex wp-container-core-buttons-is-layout-03627597 wp-block-buttons-is-layout-flex\">\n<div class=\"wp-block-button has-custom-width wp-block-button__width-100\"><a class=\"wp-block-button__link has-white-color has-text-color has-background no-border-radius wp-element-button\" style=\"background-color:#000000\">745<\/a><\/div>\n<\/div>\n<\/div>\n<\/div>\n\n\n<div style=\"margin-bottom:6px;\" class=\"aligncenter wp-block-site-logo\"><a href=\"https:\/\/libfac.univ-batna.dz\/libiaub\/\" class=\"custom-logo-link\" rel=\"home\"><img loading=\"lazy\" decoding=\"async\" width=\"352\" height=\"416\" src=\"https:\/\/libfac.univ-batna.dz\/libiaub\/wp-content\/uploads\/2026\/01\/cropped-\u062c\u0627\u0645\u0639\u0629_\u0628\u0627\u062a\u0646\u0629_1_\u0627\u0644\u062d\u0627\u062c_\u0644\u062e\u0636\u0631.svg_-57x67.png\" class=\"custom-logo\" alt=\"\u0640\u0640\u0640Biblioth\u00e8que Archi-batna1\" srcset=\"https:\/\/libfac.univ-batna.dz\/libiaub\/wp-content\/uploads\/2026\/01\/cropped-\u062c\u0627\u0645\u0639\u0629_\u0628\u0627\u062a\u0646\u0629_1_\u0627\u0644\u062d\u0627\u062c_\u0644\u062e\u0636\u0631.svg_.png 250w, https:\/\/libfac.univ-batna.dz\/libiaub\/wp-content\/uploads\/2026\/01\/cropped-\u062c\u0627\u0645\u0639\u0629_\u0628\u0627\u062a\u0646\u0629_1_\u0627\u0644\u062d\u0627\u062c_\u0644\u062e\u0636\u0631.svg_-57x67.png 57w\" sizes=\"auto, (max-width: 352px) 100vw, 352px\" \/><\/a><\/div>\n\n\n<p><\/p>\n\n\n\n<p><\/p>\n","protected":false},"excerpt":{"rendered":"<p>les livres \u0627\u0644\u0643\u062a\u0628 \u0648\u062a\u0635\u0646\u064a\u0641\u0627\u062a\u0647\u0627 \/ Les livres et classifications \u2b05\ufe0f Construction et B\u00e2timent \u0627\u0644\u0628\u0646\u0627\u0621 \u0648\u0627\u0644\u0645\u0628\u0627\u0646\u064a Philosophie et Th\u00e9orie de l&#8217;Architecture [&hellip;]<\/p>\n","protected":false},"author":1,"featured_media":0,"parent":0,"menu_order":0,"comment_status":"closed","ping_status":"closed","template":"","meta":{"_uag_custom_page_level_css":"","site-sidebar-layout":"default","site-content-layout":"","ast-site-content-layout":"default","site-content-style":"default","site-sidebar-style":"default","ast-global-header-display":"","ast-banner-title-visibility":"","ast-main-header-display":"","ast-hfb-above-header-display":"","ast-hfb-below-header-display":"","ast-hfb-mobile-header-display":"","site-post-title":"disabled","ast-breadcrumbs-content":"","ast-featured-img":"","footer-sml-layout":"","ast-disable-related-posts":"","theme-transparent-header-meta":"","adv-header-id-meta":"","stick-header-meta":"","header-above-stick-meta":"","header-main-stick-meta":"","header-below-stick-meta":"","astra-migrate-meta-layouts":"default","ast-page-background-enabled":"default","ast-page-background-meta":{"desktop":{"background-color":"var(--ast-global-color-5)","background-image":"","background-repeat":"repeat","background-position":"center center","background-size":"auto","background-attachment":"scroll","background-type":"","background-media":"","overlay-type":"","overlay-color":"","overlay-opacity":"","overlay-gradient":""},"tablet":{"background-color":"","background-image":"","background-repeat":"repeat","background-position":"center center","background-size":"auto","background-attachment":"scroll","background-type":"","background-media":"","overlay-type":"","overlay-color":"","overlay-opacity":"","overlay-gradient":""},"mobile":{"background-color":"","background-image":"","background-repeat":"repeat","background-position":"center center","background-size":"auto","background-attachment":"scroll","background-type":"","background-media":"","overlay-type":"","overlay-color":"","overlay-opacity":"","overlay-gradient":""}},"ast-content-background-meta":{"desktop":{"background-color":"var(--ast-global-color-4)","background-image":"","background-repeat":"repeat","background-position":"center center","background-size":"auto","background-attachment":"scroll","background-type":"","background-media":"","overlay-type":"","overlay-color":"","overlay-opacity":"","overlay-gradient":""},"tablet":{"background-color":"var(--ast-global-color-4)","background-image":"","background-repeat":"repeat","background-position":"center center","background-size":"auto","background-attachment":"scroll","background-type":"","background-media":"","overlay-type":"","overlay-color":"","overlay-opacity":"","overlay-gradient":""},"mobile":{"background-color":"var(--ast-global-color-4)","background-image":"","background-repeat":"repeat","background-position":"center center","background-size":"auto","background-attachment":"scroll","background-type":"","background-media":"","overlay-type":"","overlay-color":"","overlay-opacity":"","overlay-gradient":""}},"footnotes":""},"class_list":["post-411","page","type-page","status-publish","hentry"],"uagb_featured_image_src":{"full":false,"thumbnail":false,"medium":false,"medium_large":false,"large":false,"1536x1536":false,"2048x2048":false},"uagb_author_info":{"display_name":"yakoub","author_link":"https:\/\/libfac.univ-batna.dz\/libiaub\/?author=1"},"uagb_comment_info":0,"uagb_excerpt":"les livres \u0627\u0644\u0643\u062a\u0628 \u0648\u062a\u0635\u0646\u064a\u0641\u0627\u062a\u0647\u0627 \/ Les livres et classifications \u2b05\ufe0f Construction et B\u00e2timent \u0627\u0644\u0628\u0646\u0627\u0621 \u0648\u0627\u0644\u0645\u0628\u0627\u0646\u064a Philosophie et Th\u00e9orie de l&#8217;Architecture [&hellip;]","_links":{"self":[{"href":"https:\/\/libfac.univ-batna.dz\/libiaub\/index.php?rest_route=\/wp\/v2\/pages\/411","targetHints":{"allow":["GET"]}}],"collection":[{"href":"https:\/\/libfac.univ-batna.dz\/libiaub\/index.php?rest_route=\/wp\/v2\/pages"}],"about":[{"href":"https:\/\/libfac.univ-batna.dz\/libiaub\/index.php?rest_route=\/wp\/v2\/types\/page"}],"author":[{"embeddable":true,"href":"https:\/\/libfac.univ-batna.dz\/libiaub\/index.php?rest_route=\/wp\/v2\/users\/1"}],"replies":[{"embeddable":true,"href":"https:\/\/libfac.univ-batna.dz\/libiaub\/index.php?rest_route=%2Fwp%2Fv2%2Fcomments&post=411"}],"version-history":[{"count":37,"href":"https:\/\/libfac.univ-batna.dz\/libiaub\/index.php?rest_route=\/wp\/v2\/pages\/411\/revisions"}],"predecessor-version":[{"id":1413,"href":"https:\/\/libfac.univ-batna.dz\/libiaub\/index.php?rest_route=\/wp\/v2\/pages\/411\/revisions\/1413"}],"wp:attachment":[{"href":"https:\/\/libfac.univ-batna.dz\/libiaub\/index.php?rest_route=%2Fwp%2Fv2%2Fmedia&parent=411"}],"curies":[{"name":"wp","href":"https:\/\/api.w.org\/{rel}","templated":true}]}}