{"id":65,"date":"2026-01-06T11:26:57","date_gmt":"2026-01-06T11:26:57","guid":{"rendered":"https:\/\/libfac.univ-batna.dz\/libiaub\/?page_id=65"},"modified":"2026-02-01T12:45:53","modified_gmt":"2026-02-01T12:45:53","slug":"%d8%b3%d8%ac%d9%84-%d8%a7%d9%84%d8%ba%d9%8a%d8%a7%d8%a8-%d9%88%d8%a7%d9%84%d8%ad%d8%b6%d9%88%d8%b1","status":"publish","type":"page","link":"https:\/\/libfac.univ-batna.dz\/libiaub\/?page_id=65","title":{"rendered":"\u0633\u062c\u0644 \u0627\u0644\u063a\u064a\u0627\u0628 \u0648\u0627\u0644\u062d\u0636\u0648\u0631 \ud83d\udcdd"},"content":{"rendered":"\n<h3 class=\"wp-block-heading has-text-align-center\"><mark style=\"background-color:rgba(0, 0, 0, 0)\" class=\"has-inline-color has-ast-global-color-1-color\"><strong>Registre de pr\u00e9sence<\/strong> \ud83d\udcdd<\/mark><\/h3>\n\n\n\n<h3 class=\"wp-block-heading has-text-align-center\">\u0633\u062c\u0644 \u0627\u0644\u063a\u064a\u0627\u0628 \u0648\u0627\u0644\u062d\u0636\u0648\u0631 <\/h3>\n\n\n\n<p class=\"has-text-align-center\"><strong>Communiqu\u00e9 \u00e0 l\u2019attention de nos\u00a0enseignants\ud83d\udce2<\/strong><\/p>\n\n\n\n<p><\/p>\n\n\n\n<p class=\"has-text-align-center\" dir=\"ltr\"><strong>La\u00a0\u26a0\ufe0f\u00a0demande d\u2019autorisation d\u2019acc\u00e8s (connexion) doit \u00eatre valid\u00e9e uniquement avec l\u2019adresse e-mail\u00a0 \u00a0 professionnelle : (&#8230;&#8230;&#8230;@univ-batna.dz).<\/strong><\/p>\n\n\n\n<div class=\"wp-block-getwid-section alignfull alignfull getwid-section-content-custom-width\"><div class=\"wp-block-getwid-section__wrapper\"><div class=\"wp-block-getwid-section__inner-wrapper\" style=\"max-width:1140px\"><div class=\"wp-block-getwid-section__background-holder\"><div class=\"wp-block-getwid-section__background has-background has-ast-global-color-5-background-color\"><\/div><div class=\"wp-block-getwid-section__foreground\"><\/div><\/div><div class=\"wp-block-getwid-section__content\"><div class=\"wp-block-getwid-section__inner-content\">\n<div class=\"wp-block-getwid-advanced-heading\" style=\"margin-bottom:0px;margin-top:0px\"><span class=\"wp-block-getwid-advanced-heading__content\" style=\"text-align:center\"><\/span><\/div>\n\n\n\n<div class=\"wp-block-getwid-advanced-heading\" style=\"margin-bottom:30px;margin-top:10px\"><h2 class=\"wp-block-getwid-advanced-heading__content\" style=\"text-align:center\">\u0635\u0641\u062d\u0629 \u062e\u0627\u0635\u0629 \u0628\u0627\u0644\u0627\u0633\u0627\u062a\u0630\u0629 \u0641\u0642\u0637 <\/h2><\/div>\n\n\n\n<div class=\"wp-block-getwid-advanced-spacer\" style=\"height:40px\" aria-hidden=\"true\"><\/div>\n\n\n\n<p><\/p>\n\n\n\n<div class=\"wp-block-columns has-2-columns is-layout-flex wp-container-core-columns-is-layout-28f84493 wp-block-columns-is-layout-flex\">\n<div class=\"wp-block-column is-layout-flow wp-block-column-is-layout-flow\">\n<div class=\"wp-block-getwid-image-box has-image-left has-text-left has-mobile-layout-default has-mobile-alignment-default\"><div class=\"wp-block-getwid-image-box__image-container is-position-top\"><div class=\"wp-block-getwid-image-box__image-wrapper\"><img decoding=\"async\" src=\"https:\/\/cgw.motopress.com\/wp-content\/uploads\/2019\/11\/object-6.jpg\" alt=\"\" class=\"wp-block-getwid-image-box__image\"\/><\/div><\/div><div class=\"wp-block-getwid-image-box__content\">\n<div class=\"wp-block-getwid-advanced-heading\" style=\"margin-bottom:10px\"><h3 class=\"wp-block-getwid-advanced-heading__content\" style=\"text-align:center\"><mark style=\"background-color:rgba(0, 0, 0, 0);color:#cf2e2e\" class=\"has-inline-color\"><strong>Cours&nbsp;<\/strong><\/mark><\/h3><\/div>\n\n\n\n<h5 class=\"wp-block-heading has-text-align-center\"><a href=\"https:\/\/docs.google.com\/spreadsheets\/d\/1VluBlOOxAXJYFCv77eb4DkPZY8wNrh3XQMShQucdOJg\/edit?usp=sharing\"><strong><\/strong><\/a><strong><a href=\"https:\/\/docs.google.com\/spreadsheets\/d\/1EVY9WmexSEvx-HYiyHzX-_UwZecjrB2snMXYwNRZPD0\/edit?usp=sharing\"><strong>Archi<\/strong><\/a><\/strong><\/h5>\n\n\n\n<h5 class=\"wp-block-heading has-text-align-center\"><a href=\"https:\/\/docs.google.com\/spreadsheets\/d\/1VluBlOOxAXJYFCv77eb4DkPZY8wNrh3XQMShQucdOJg\/edit?usp=sharing\"><strong>M.P.S<\/strong><\/a><\/h5>\n\n\n\n<h4 class=\"wp-block-heading has-text-align-center\"><a href=\"https:\/\/docs.google.com\/spreadsheets\/d\/1VluBlOOxAXJYFCv77eb4DkPZY8wNrh3XQMShQucdOJg\/edit?usp=sharing\"><\/a><a href=\"https:\/\/docs.google.com\/spreadsheets\/d\/1kTr3QF-FtJWObcXGPRPFUnvvzw7aHGXBKv_GZ8JsrIY\/edit?usp=sharing\">G.U<\/a><\/h4>\n<\/div><\/div>\n\n\n\n<div class=\"wp-block-getwid-section\"><div class=\"wp-block-getwid-section__wrapper getwid-padding-top-none getwid-padding-bottom-none getwid-padding-left-none getwid-padding-right-small\"><div class=\"wp-block-getwid-section__inner-wrapper\"><div class=\"wp-block-getwid-section__background-holder\"><div class=\"wp-block-getwid-section__background has-background\" style=\"background-color:#fafafa\"><\/div><div class=\"wp-block-getwid-section__foreground\"><\/div><\/div><div class=\"wp-block-getwid-section__content\"><div class=\"wp-block-getwid-section__inner-content\"><\/div><\/div><\/div><\/div><\/div>\n<\/div>\n\n\n\n<div class=\"wp-block-column is-layout-flow wp-block-column-is-layout-flow\">\n<div class=\"wp-block-getwid-section\"><div class=\"wp-block-getwid-section__wrapper getwid-padding-top-none getwid-padding-bottom-none getwid-padding-left-none getwid-padding-right-small\"><div class=\"wp-block-getwid-section__inner-wrapper\"><div class=\"wp-block-getwid-section__background-holder\"><div class=\"wp-block-getwid-section__background has-background\" style=\"background-color:#fafafa\"><\/div><div class=\"wp-block-getwid-section__foreground\"><\/div><\/div><div class=\"wp-block-getwid-section__content\"><div class=\"wp-block-getwid-section__inner-content\">\n<div class=\"wp-block-getwid-image-box has-image-right has-text-center has-mobile-layout-default has-mobile-alignment-default\"><div class=\"wp-block-getwid-image-box__image-container is-position-top\"><div class=\"wp-block-getwid-image-box__image-wrapper\"><img decoding=\"async\" src=\"https:\/\/cgw.motopress.com\/wp-content\/uploads\/2019\/11\/object-7.jpg\" alt=\"\" class=\"wp-block-getwid-image-box__image\"\/><\/div><\/div><div class=\"wp-block-getwid-image-box__content\">\n<div class=\"wp-block-getwid-advanced-heading\" style=\"margin-bottom:10px\"><h3 class=\"wp-block-getwid-advanced-heading__content\" style=\"text-align:center\"><mark style=\"background-color:rgba(0, 0, 0, 0);color:#cf2e2e\" class=\"has-inline-color\">archi<\/mark><\/h3><\/div>\n\n\n\n<h2 class=\"wp-block-heading has-text-align-center has-small-font-size\"><a href=\"https:\/\/forms.gle\/H6zt84QXfTLAarac7\" data-type=\"link\" data-id=\"https:\/\/forms.gle\/H6zt84QXfTLAarac7\">archi .1 l  <\/a><\/h2>\n\n\n\n<h2 class=\"wp-block-heading has-text-align-center has-small-font-size\"><a href=\"https:\/\/forms.gle\/kr2ZZeUjmi756XRc8\" data-type=\"link\" data-id=\"https:\/\/forms.gle\/kr2ZZeUjmi756XRc8\">archi .2 l  <\/a><\/h2>\n\n\n\n<h2 class=\"wp-block-heading has-text-align-center has-small-font-size\"><a href=\"https:\/\/forms.gle\/xpYm1V9ftzXr13b36\" data-type=\"link\" data-id=\"https:\/\/forms.gle\/xpYm1V9ftzXr13b36\">archi .3 l  <\/a><\/h2>\n\n\n\n<div class=\"wp-block-uagb-separator uagb-block-28cedba0\"><div class=\"wp-block-uagb-separator__inner\" style=\"--my-background-image:\"><\/div><\/div>\n\n\n\n<h2 class=\"wp-block-heading has-text-align-center has-small-font-size\"><a href=\"https:\/\/docs.google.com\/forms\/d\/e\/1FAIpQLSfkqRSe35OgY0n3qpS5KzCbJb1QNNKcg-G1P2AHw5oGtcYS8Q\/viewform?usp=header\" data-type=\"link\" data-id=\"https:\/\/docs.google.com\/forms\/d\/e\/1FAIpQLSfkqRSe35OgY0n3qpS5KzCbJb1QNNKcg-G1P2AHw5oGtcYS8Q\/viewform?usp=header\"><mark style=\"background-color:rgba(0, 0, 0, 0);color:#00d084\" class=\"has-inline-color\">archi .1 m <\/mark><\/a><\/h2>\n\n\n\n<h2 class=\"wp-block-heading has-text-align-center has-small-font-size\"><a href=\"https:\/\/forms.gle\/NgfbaFM8TuyrWsPM7\" data-type=\"link\" data-id=\"https:\/\/forms.gle\/NgfbaFM8TuyrWsPM7\"><mark style=\"background-color:rgba(0, 0, 0, 0);color:#00d084\" class=\"has-inline-color\">archi .2 m <\/mark><\/a><\/h2>\n\n\n\n<p class=\"has-text-align-center\"><\/p>\n\n\n\n<p class=\"has-text-align-center\"><\/p>\n\n\n\n<p><\/p>\n<\/div><\/div>\n<\/div><\/div><\/div><\/div><\/div>\n<\/div>\n<\/div>\n\n\n\n<div class=\"wp-block-columns has-2-columns is-layout-flex wp-container-core-columns-is-layout-28f84493 wp-block-columns-is-layout-flex\">\n<div class=\"wp-block-column is-layout-flow wp-block-column-is-layout-flow\">\n<div class=\"wp-block-getwid-section\"><div class=\"wp-block-getwid-section__wrapper getwid-padding-top-none getwid-padding-bottom-none getwid-padding-left-none getwid-padding-right-small\"><div class=\"wp-block-getwid-section__inner-wrapper\"><div class=\"wp-block-getwid-section__background-holder\"><div class=\"wp-block-getwid-section__background has-background\" style=\"background-color:#fafafa\"><\/div><div class=\"wp-block-getwid-section__foreground\"><\/div><\/div><div class=\"wp-block-getwid-section__content\"><div class=\"wp-block-getwid-section__inner-content\">\n<div class=\"wp-block-getwid-image-box has-image-left has-text-left has-mobile-layout-default has-mobile-alignment-default\"><div class=\"wp-block-getwid-image-box__image-container is-position-top\"><div class=\"wp-block-getwid-image-box__image-wrapper\"><img decoding=\"async\" src=\"https:\/\/cgw.motopress.com\/wp-content\/uploads\/2019\/11\/object-5.jpg\" alt=\"\" class=\"wp-block-getwid-image-box__image\"\/><\/div><\/div><div class=\"wp-block-getwid-image-box__content\">\n<div class=\"wp-block-getwid-advanced-heading\" style=\"margin-bottom:10px\"><h3 class=\"wp-block-getwid-advanced-heading__content\" style=\"text-align:center\"><mark style=\"background-color:rgba(0, 0, 0, 0);color:#cf2e2e\" class=\"has-inline-color\">g.u<\/mark><\/h3><\/div>\n\n\n\n<h1 class=\"wp-block-heading has-text-align-center has-small-font-size\"><a href=\"https:\/\/forms.gle\/YzCa9PqR6vbQuSTR6\" data-type=\"link\" data-id=\"https:\/\/forms.gle\/YzCa9PqR6vbQuSTR6\" target=\"_blank\" rel=\"noreferrer noopener\">gu.1l<\/a><\/h1>\n\n\n\n<h2 class=\"wp-block-heading has-text-align-center has-small-font-size\"><a href=\"https:\/\/forms.gle\/HtLUqFa9zfiqbJQ26\" data-type=\"link\" data-id=\"https:\/\/forms.gle\/HtLUqFa9zfiqbJQ26\">gu.2l<\/a><\/h2>\n\n\n\n<h2 class=\"wp-block-heading has-text-align-center has-small-font-size\"><a href=\"https:\/\/forms.gle\/9DWi7rptmkvbwGgk9\" data-type=\"link\" data-id=\"https:\/\/forms.gle\/9DWi7rptmkvbwGgk9\">gu.3l<\/a><\/h2>\n\n\n\n<div class=\"wp-block-uagb-separator uagb-block-c6a5ecd5\"><div class=\"wp-block-uagb-separator__inner\" style=\"--my-background-image:\"><\/div><\/div>\n\n\n\n<h2 class=\"wp-block-heading has-text-align-center has-small-font-size\"><a href=\"https:\/\/forms.gle\/7PdST3bD8TjGqSjv9\" data-type=\"link\" data-id=\"https:\/\/forms.gle\/7PdST3bD8TjGqSjv9\"><mark style=\"background-color:rgba(0, 0, 0, 0);color:#00d084\" class=\"has-inline-color\">gu.1m<\/mark><\/a><\/h2>\n\n\n\n<h2 class=\"wp-block-heading has-text-align-center has-small-font-size\"><a href=\"https:\/\/forms.gle\/hvXvf7DTjnShVoaF6\" data-type=\"link\" data-id=\"https:\/\/forms.gle\/hvXvf7DTjnShVoaF6\"><mark style=\"background-color:rgba(0, 0, 0, 0);color:#00d084\" class=\"has-inline-color\">gu.2m<\/mark><\/a><\/h2>\n<\/div><\/div>\n<\/div><\/div><\/div><\/div><\/div>\n<\/div>\n\n\n\n<div class=\"wp-block-column is-layout-flow wp-block-column-is-layout-flow\">\n<div class=\"wp-block-getwid-section\"><div class=\"wp-block-getwid-section__wrapper getwid-padding-top-none getwid-padding-bottom-none getwid-padding-left-none getwid-padding-right-small\"><div class=\"wp-block-getwid-section__inner-wrapper\"><div class=\"wp-block-getwid-section__background-holder\"><div class=\"wp-block-getwid-section__background has-background\" style=\"background-color:#fafafa\"><\/div><div class=\"wp-block-getwid-section__foreground\"><\/div><\/div><div class=\"wp-block-getwid-section__content\"><div class=\"wp-block-getwid-section__inner-content\">\n<div class=\"wp-block-getwid-image-box has-image-right has-text-left has-mobile-layout-default has-mobile-alignment-default\"><div class=\"wp-block-getwid-image-box__image-container is-position-top\"><div class=\"wp-block-getwid-image-box__image-wrapper\"><img decoding=\"async\" src=\"https:\/\/cgw.motopress.com\/wp-content\/uploads\/2019\/11\/object-4.jpg\" alt=\"\" class=\"wp-block-getwid-image-box__image\"\/><\/div><\/div><div class=\"wp-block-getwid-image-box__content\">\n<div class=\"wp-block-getwid-advanced-heading\" style=\"margin-bottom:10px\"><h3 class=\"wp-block-getwid-advanced-heading__content\" style=\"text-align:center\"><mark style=\"background-color:rgba(0, 0, 0, 0);color:#cf2e2e\" class=\"has-inline-color\">c.o.p<\/mark><\/h3><\/div>\n\n\n\n<h2 class=\"wp-block-heading has-text-align-center has-small-font-size\"><a href=\"https:\/\/forms.gle\/fXqpGzzcpyKVLWjP9\" data-type=\"link\" data-id=\"https:\/\/forms.gle\/fXqpGzzcpyKVLWjP9\">c.o.p.1l<\/a><\/h2>\n\n\n\n<h2 class=\"wp-block-heading has-text-align-center has-small-font-size\"><a href=\"https:\/\/forms.gle\/LXoBBL5Z4pUy5hVB9\" data-type=\"link\" data-id=\"https:\/\/forms.gle\/LXoBBL5Z4pUy5hVB9\">c.o.p.2l<\/a><\/h2>\n\n\n\n<h2 class=\"wp-block-heading has-text-align-center has-small-font-size\"><a href=\"https:\/\/forms.gle\/Bbt9RVgtchDqmdg59\" data-type=\"link\" data-id=\"https:\/\/forms.gle\/Bbt9RVgtchDqmdg59\">c.o.p.3l<\/a><\/h2>\n\n\n\n<div class=\"wp-block-uagb-separator uagb-block-44a65966\"><div class=\"wp-block-uagb-separator__inner\" style=\"--my-background-image:\"><\/div><\/div>\n\n\n\n<h2 class=\"wp-block-heading has-text-align-center has-small-font-size\"><a href=\"https:\/\/forms.gle\/caHMRwGq9T8YDKfRA\" data-type=\"link\" data-id=\"https:\/\/forms.gle\/caHMRwGq9T8YDKfRA\"><mark style=\"background-color:rgba(0, 0, 0, 0);color:#00d084\" class=\"has-inline-color\">c.o.p.1m<\/mark><\/a><\/h2>\n\n\n\n<h2 class=\"wp-block-heading has-text-align-center has-small-font-size\"><a href=\"https:\/\/forms.gle\/mGqi1pZqLps2FaLYA\" data-type=\"link\" data-id=\"https:\/\/forms.gle\/mGqi1pZqLps2FaLYA\"><mark style=\"background-color:rgba(0, 0, 0, 0);color:#00d084\" class=\"has-inline-color\">c.o.p.2m<\/mark><\/a><\/h2>\n<\/div><\/div>\n<\/div><\/div><\/div><\/div><\/div>\n<\/div>\n<\/div>\n<\/div><\/div><\/div><\/div><\/div>\n\n\n\n<div class=\"wp-block-uagb-separator uagb-block-3726829e\"><div class=\"wp-block-uagb-separator__inner\" style=\"--my-background-image:\"><\/div><\/div>\n\n\n\n<p><\/p>\n","protected":false},"excerpt":{"rendered":"<p>Registre de pr\u00e9sence \ud83d\udcdd \u0633\u062c\u0644 \u0627\u0644\u063a\u064a\u0627\u0628 \u0648\u0627\u0644\u062d\u0636\u0648\u0631 Communiqu\u00e9 \u00e0 l\u2019attention de nos\u00a0enseignants\ud83d\udce2 La\u00a0\u26a0\ufe0f\u00a0demande d\u2019autorisation d\u2019acc\u00e8s (connexion) doit \u00eatre valid\u00e9e uniquement [&hellip;]<\/p>\n","protected":false},"author":1,"featured_media":0,"parent":0,"menu_order":0,"comment_status":"closed","ping_status":"closed","template":"","meta":{"_uag_custom_page_level_css":"","site-sidebar-layout":"default","site-content-layout":"","ast-site-content-layout":"default","site-content-style":"default","site-sidebar-style":"default","ast-global-header-display":"","ast-banner-title-visibility":"","ast-main-header-display":"","ast-hfb-above-header-display":"","ast-hfb-below-header-display":"","ast-hfb-mobile-header-display":"","site-post-title":"disabled","ast-breadcrumbs-content":"","ast-featured-img":"","footer-sml-layout":"","ast-disable-related-posts":"","theme-transparent-header-meta":"","adv-header-id-meta":"","stick-header-meta":"","header-above-stick-meta":"","header-main-stick-meta":"","header-below-stick-meta":"","astra-migrate-meta-layouts":"default","ast-page-background-enabled":"default","ast-page-background-meta":{"desktop":{"background-color":"var(--ast-global-color-5)","background-image":"","background-repeat":"repeat","background-position":"center center","background-size":"auto","background-attachment":"scroll","background-type":"","background-media":"","overlay-type":"","overlay-color":"","overlay-opacity":"","overlay-gradient":""},"tablet":{"background-color":"","background-image":"","background-repeat":"repeat","background-position":"center center","background-size":"auto","background-attachment":"scroll","background-type":"","background-media":"","overlay-type":"","overlay-color":"","overlay-opacity":"","overlay-gradient":""},"mobile":{"background-color":"","background-image":"","background-repeat":"repeat","background-position":"center center","background-size":"auto","background-attachment":"scroll","background-type":"","background-media":"","overlay-type":"","overlay-color":"","overlay-opacity":"","overlay-gradient":""}},"ast-content-background-meta":{"desktop":{"background-color":"var(--ast-global-color-4)","background-image":"","background-repeat":"repeat","background-position":"center center","background-size":"auto","background-attachment":"scroll","background-type":"","background-media":"","overlay-type":"","overlay-color":"","overlay-opacity":"","overlay-gradient":""},"tablet":{"background-color":"var(--ast-global-color-4)","background-image":"","background-repeat":"repeat","background-position":"center center","background-size":"auto","background-attachment":"scroll","background-type":"","background-media":"","overlay-type":"","overlay-color":"","overlay-opacity":"","overlay-gradient":""},"mobile":{"background-color":"var(--ast-global-color-4)","background-image":"","background-repeat":"repeat","background-position":"center center","background-size":"auto","background-attachment":"scroll","background-type":"","background-media":"","overlay-type":"","overlay-color":"","overlay-opacity":"","overlay-gradient":""}},"footnotes":""},"class_list":["post-65","page","type-page","status-publish","hentry"],"uagb_featured_image_src":{"full":false,"thumbnail":false,"medium":false,"medium_large":false,"large":false,"1536x1536":false,"2048x2048":false},"uagb_author_info":{"display_name":"yakoub","author_link":"https:\/\/libfac.univ-batna.dz\/libiaub\/?author=1"},"uagb_comment_info":0,"uagb_excerpt":"Registre de pr\u00e9sence \ud83d\udcdd \u0633\u062c\u0644 \u0627\u0644\u063a\u064a\u0627\u0628 \u0648\u0627\u0644\u062d\u0636\u0648\u0631 Communiqu\u00e9 \u00e0 l\u2019attention de nos\u00a0enseignants\ud83d\udce2 La\u00a0\u26a0\ufe0f\u00a0demande d\u2019autorisation d\u2019acc\u00e8s (connexion) doit \u00eatre valid\u00e9e uniquement [&hellip;]","_links":{"self":[{"href":"https:\/\/libfac.univ-batna.dz\/libiaub\/index.php?rest_route=\/wp\/v2\/pages\/65","targetHints":{"allow":["GET"]}}],"collection":[{"href":"https:\/\/libfac.univ-batna.dz\/libiaub\/index.php?rest_route=\/wp\/v2\/pages"}],"about":[{"href":"https:\/\/libfac.univ-batna.dz\/libiaub\/index.php?rest_route=\/wp\/v2\/types\/page"}],"author":[{"embeddable":true,"href":"https:\/\/libfac.univ-batna.dz\/libiaub\/index.php?rest_route=\/wp\/v2\/users\/1"}],"replies":[{"embeddable":true,"href":"https:\/\/libfac.univ-batna.dz\/libiaub\/index.php?rest_route=%2Fwp%2Fv2%2Fcomments&post=65"}],"version-history":[{"count":38,"href":"https:\/\/libfac.univ-batna.dz\/libiaub\/index.php?rest_route=\/wp\/v2\/pages\/65\/revisions"}],"predecessor-version":[{"id":1347,"href":"https:\/\/libfac.univ-batna.dz\/libiaub\/index.php?rest_route=\/wp\/v2\/pages\/65\/revisions\/1347"}],"wp:attachment":[{"href":"https:\/\/libfac.univ-batna.dz\/libiaub\/index.php?rest_route=%2Fwp%2Fv2%2Fmedia&parent=65"}],"curies":[{"name":"wp","href":"https:\/\/api.w.org\/{rel}","templated":true}]}}